{"id":312,"date":"2020-12-15T17:39:57","date_gmt":"2020-12-15T20:39:57","guid":{"rendered":"http:\/\/www.zequinhabarreto.com.br\/?page_id=312"},"modified":"2020-12-15T17:39:57","modified_gmt":"2020-12-15T20:39:57","slug":"estatuto","status":"publish","type":"page","link":"http:\/\/www.zequinhabarreto.com.br\/index.php\/estatuto\/","title":{"rendered":"Estatuto"},"content":{"rendered":"<h2><\/h2>\n<h2 style=\"text-align: center;\"><strong>ESTATUTO DO INSTITUTO SOCIALISMO<\/strong><br \/>\n<strong>E DEMOCRACIA JOS\u00c9 CAMPOS BARRETO (ZEQUINHA BARRETO)<\/strong><\/h2>\n<blockquote>\n<p style=\"text-align: center;\">\n<strong>CAPITULO I<\/strong><\/p>\n<\/blockquote>\n<p style=\"text-align: center;\">\nDENOMINA\u00c7\u00c3O, DURA\u00c7\u00c3O, OBJETIVOS E SEDE<\/p>\n<p style=\"text-align: center;\">\nARTIGO 1\u00ba &#8211;<\/p>\n<p style=\"text-align: center;\">Com a denomina\u00e7\u00e3o de INSTITUTO SOCIALISMO E DEMOCRACIA JOS\u00c9 CAMPOS BARRETO (ZEQUINHA BARRETO), abaixo denominado apenas INSTITUTO<br \/>\nZEQUINHA BARRETO, fica constitu\u00edda uma sociedade civil sem fins lucrativos, com dura\u00e7\u00e3o por prazo indeterminado, que tem por objetivos promover debates, cursos, atividades culturais, semin\u00e1rios com a finalidade de elevar a consci\u00eancia socialista e democr\u00e1tica dos trabalhadores, da juventude e da popula\u00e7\u00e3o da regi\u00e3o oeste da grande S\u00e3o Paulo, podendo atuar em todo o territ\u00f3rio nacional no cumprimento de suas<br \/>\nfinalidades.<\/p>\n<p style=\"text-align: center;\">\nARTIGO 2\u00ba &#8211;<\/p>\n<p style=\"text-align: center;\">O INSTITUTO ZEQUINHA BARRETO \u00e9 uma entidade de \u00e2mbito regional com atua\u00e7\u00e3o nas cidades de Osasco, Carapicu\u00edba, Barueri, Jandira, Itapevi, Santana de Parna\u00edba, Pirapora do Bom Jesus, Ara\u00e7ariguama, Vargem Grande Paulista, Cotia, Tabo\u00e3o da Serra, Embu, Embu-Gua\u00e7u, Itapecerica da Serra, S\u00e3o Louren\u00e7o da Serra, Juquitiba, Cajamar, Franco da Rocha, Francisco Morato e Caieiras, com sede provis\u00f3ria e Foro no munic\u00edpio de Osasco, Estado de S\u00e3o Paulo, \u00e0 Pra\u00e7a Joaquim dos Santos Ribeiro, 265, Fundos, Km 18, (Vila Quita\u00fana), Cep 06190-210, podendo abrir e manter sub-sedes em qualquer um dos munic\u00edpios de sua \u00e1rea de atua\u00e7\u00e3o.<\/p>\n<p style=\"text-align: center;\">\n<p style=\"text-align: center;\"><strong>Acesse o Estatuto completo no link &#8211; <a href=\"http:\/\/www.zequinhabarreto.com.br\/wp-content\/uploads\/2020\/12\/02_IZB_Estatuto.pdf\" target=\"_blank\" rel=\"noopener noreferrer\">Clique Aqui<\/a>!<\/strong><\/p>\n","protected":false},"excerpt":{"rendered":"<p>ESTATUTO DO INSTITUTO SOCIALISMO E DEMOCRACIA JOS\u00c9 CAMPOS BARRETO (ZEQUINHA BARRETO) CAPITULO I DENOMINA\u00c7\u00c3O, DURA\u00c7\u00c3O, OBJETIVOS E SEDE ARTIGO 1\u00ba &#8211; Com a denomina\u00e7\u00e3o de INSTITUTO SOCIALISMO E DEMOCRACIA JOS\u00c9 CAMPOS BARRETO (ZEQUINHA BARRETO), abaixo denominado apenas INSTITUTO ZEQUINHA BARRETO, fica constitu\u00edda uma sociedade civil sem fins lucrativos, com dura\u00e7\u00e3o por prazo indeterminado, que tem [&hellip;]<\/p>\n","protected":false},"author":1,"featured_media":0,"parent":0,"menu_order":0,"comment_status":"closed","ping_status":"closed","template":"","meta":[],"_links":{"self":[{"href":"http:\/\/www.zequinhabarreto.com.br\/index.php\/wp-json\/wp\/v2\/pages\/312"}],"collection":[{"href":"http:\/\/www.zequinhabarreto.com.br\/index.php\/wp-json\/wp\/v2\/pages"}],"about":[{"href":"http:\/\/www.zequinhabarreto.com.br\/index.php\/wp-json\/wp\/v2\/types\/page"}],"author":[{"embeddable":true,"href":"http:\/\/www.zequinhabarreto.com.br\/index.php\/wp-json\/wp\/v2\/users\/1"}],"replies":[{"embeddable":true,"href":"http:\/\/www.zequinhabarreto.com.br\/index.php\/wp-json\/wp\/v2\/comments?post=312"}],"version-history":[{"count":0,"href":"http:\/\/www.zequinhabarreto.com.br\/index.php\/wp-json\/wp\/v2\/pages\/312\/revisions"}],"wp:attachment":[{"href":"http:\/\/www.zequinhabarreto.com.br\/index.php\/wp-json\/wp\/v2\/media?parent=312"}],"curies":[{"name":"wp","href":"https:\/\/api.w.org\/{rel}","templated":true}]}}