{"id":254,"date":"2020-12-14T10:47:05","date_gmt":"2020-12-14T13:47:05","guid":{"rendered":"http:\/\/www.zequinhabarreto.com.br\/?page_id=254"},"modified":"2020-12-14T10:47:05","modified_gmt":"2020-12-14T13:47:05","slug":"como-participar","status":"publish","type":"page","link":"http:\/\/www.zequinhabarreto.com.br\/index.php\/como-participar\/","title":{"rendered":"Como Participar"},"content":{"rendered":"<p>O Instituto Socialismo e Democracia Jos\u00e9 Campos Barreto &#8211; IZB, \u00e9 um espa\u00e7o aberto \u00e0 participa\u00e7\u00e3o de todos aqueles que se reivindicam socialistas e t\u00eam uma atua\u00e7\u00e3o pr\u00e1tica e democr\u00e1tica voltada para a propaga\u00e7\u00e3o desta causa.<\/p>\n<p>A associa\u00e7\u00e3o ao instituto d\u00e1 direito \u00e0 participa\u00e7\u00e3o nas Assembleias deliberativas e outros f\u00f3runs de decis\u00e3o, votar e ser votado para \u00f3rg\u00e3os de dire\u00e7\u00e3o, receber publica\u00e7\u00f5es e participar de cursos, semin\u00e1rios e palestras.<\/p>\n<p>Nossa Biblioteca Popular tamb\u00e9m \u00e9 franqueada aos s\u00f3cios e apoiadores do IZB.<\/p>\n<figure id=\"attachment_255\" aria-describedby=\"caption-attachment-255\" style=\"width: 750px\" class=\"wp-caption aligncenter\"><img loading=\"lazy\" class=\"size-jnews-featured-750 wp-image-255\" src=\"http:\/\/www.zequinhabarreto.com.br\/wp-content\/uploads\/2020\/12\/04_Como_participar_IZB-750x450.jpg\" alt=\"\" width=\"750\" height=\"450\" srcset=\"http:\/\/www.zequinhabarreto.com.br\/wp-content\/uploads\/2020\/12\/04_Como_participar_IZB-750x450.jpg 750w, http:\/\/www.zequinhabarreto.com.br\/wp-content\/uploads\/2020\/12\/04_Como_participar_IZB-300x180.jpg 300w, http:\/\/www.zequinhabarreto.com.br\/wp-content\/uploads\/2020\/12\/04_Como_participar_IZB-1024x614.jpg 1024w, http:\/\/www.zequinhabarreto.com.br\/wp-content\/uploads\/2020\/12\/04_Como_participar_IZB-768x461.jpg 768w, http:\/\/www.zequinhabarreto.com.br\/wp-content\/uploads\/2020\/12\/04_Como_participar_IZB-1536x922.jpg 1536w, http:\/\/www.zequinhabarreto.com.br\/wp-content\/uploads\/2020\/12\/04_Como_participar_IZB-2048x1229.jpg 2048w, http:\/\/www.zequinhabarreto.com.br\/wp-content\/uploads\/2020\/12\/04_Como_participar_IZB-1140x684.jpg 1140w\" sizes=\"(max-width: 750px) 100vw, 750px\" \/><figcaption id=\"caption-attachment-255\" class=\"wp-caption-text\">A associa\u00e7\u00e3o ao instituto d\u00e1 direito \u00e0 participa\u00e7\u00e3o nas Assembleias deliberativas e outros f\u00f3runs de decis\u00e3o<\/figcaption><\/figure>\n<p>Todos os s\u00f3cios, com exce\u00e7\u00e3o dos que n\u00e3o tenham condi\u00e7\u00f5es financeiras, podem e devem ajudar e contribuir para a manuten\u00e7\u00e3o da institui\u00e7\u00e3o e a realiza\u00e7\u00e3o de suas atividades. Mas deixamos claro que a participa\u00e7\u00e3o de todos e todas n\u00e3o \u00e9 excludente, independentemente de ser ou n\u00e3o associado, de ter ou n\u00e3o condi\u00e7\u00f5es de contribuir, porque entendemos que a constru\u00e7\u00e3o de uma sociedade livre e socialista depende de cada um e de todos.<\/p>\n<p>&nbsp;<\/p>\n<p><strong>Entre em contato com o IZB<\/strong><\/p>\n<p>&nbsp;<\/p>\n<p>Instituto Socialismo e Democracia Jos\u00e9 Campos Barreto \u2013 Zequinha Barreto<br \/>\nTelefone: (11) 3695-0661<\/p>\n<p>Pra\u00e7a Joaquim dos Santos Ribeiro, 265 \u2013 (antiga Pra\u00e7a do Samba) \u2013 Bairro Km 18<br \/>\nOsasco \u2013 SP \/ CEP: 06190-210<\/p>\n<p>E-mail: izbinstituto@gmail.com<br \/>\nSite: www.zequinhabarreto.com.br<\/p>\n","protected":false},"excerpt":{"rendered":"<p>O Instituto Socialismo e Democracia Jos\u00e9 Campos Barreto &#8211; IZB, \u00e9 um espa\u00e7o aberto \u00e0 participa\u00e7\u00e3o de todos aqueles que se reivindicam socialistas e t\u00eam uma atua\u00e7\u00e3o pr\u00e1tica e democr\u00e1tica voltada para a propaga\u00e7\u00e3o desta causa. A associa\u00e7\u00e3o ao instituto d\u00e1 direito \u00e0 participa\u00e7\u00e3o nas Assembleias deliberativas e outros f\u00f3runs de decis\u00e3o, votar e ser [&hellip;]<\/p>\n","protected":false},"author":1,"featured_media":255,"parent":0,"menu_order":0,"comment_status":"closed","ping_status":"closed","template":"","meta":[],"_links":{"self":[{"href":"http:\/\/www.zequinhabarreto.com.br\/index.php\/wp-json\/wp\/v2\/pages\/254"}],"collection":[{"href":"http:\/\/www.zequinhabarreto.com.br\/index.php\/wp-json\/wp\/v2\/pages"}],"about":[{"href":"http:\/\/www.zequinhabarreto.com.br\/index.php\/wp-json\/wp\/v2\/types\/page"}],"author":[{"embeddable":true,"href":"http:\/\/www.zequinhabarreto.com.br\/index.php\/wp-json\/wp\/v2\/users\/1"}],"replies":[{"embeddable":true,"href":"http:\/\/www.zequinhabarreto.com.br\/index.php\/wp-json\/wp\/v2\/comments?post=254"}],"version-history":[{"count":0,"href":"http:\/\/www.zequinhabarreto.com.br\/index.php\/wp-json\/wp\/v2\/pages\/254\/revisions"}],"wp:featuredmedia":[{"embeddable":true,"href":"http:\/\/www.zequinhabarreto.com.br\/index.php\/wp-json\/wp\/v2\/media\/255"}],"wp:attachment":[{"href":"http:\/\/www.zequinhabarreto.com.br\/index.php\/wp-json\/wp\/v2\/media?parent=254"}],"curies":[{"name":"wp","href":"https:\/\/api.w.org\/{rel}","templated":true}]}}