{"id":240,"date":"2020-12-14T10:31:01","date_gmt":"2020-12-14T13:31:01","guid":{"rendered":"http:\/\/www.zequinhabarreto.com.br\/?page_id=240"},"modified":"2020-12-14T10:31:01","modified_gmt":"2020-12-14T13:31:01","slug":"quem-somos","status":"publish","type":"page","link":"http:\/\/www.zequinhabarreto.com.br\/index.php\/quem-somos\/","title":{"rendered":"Quem somos"},"content":{"rendered":"<p>O <strong>Instituto Socialismo e Democracia Jos\u00e9 Campos Barreto<\/strong>, ou<strong> IZB<\/strong>, \u00e9 um espa\u00e7o dedicado ao debate das ideias socialistas, \u00e0 forma\u00e7\u00e3o pol\u00edtica e \u00e0 preserva\u00e7\u00e3o da mem\u00f3ria da luta oper\u00e1ria e popular.<\/p>\n<p>Foi fundado em 14 de junho de 2003, em assembleia geral especialmente convocada, e seu lan\u00e7amento solene foi realizado em 19 de julho daquele ano com ato em homenagem a Zequinha Barreto com a presen\u00e7a de lideran\u00e7as da greve dos metal\u00fargicos de Osasco de 1968 e militantes da resist\u00eancia \u00e0 ditadura militar, Jo\u00e3o Joaquim, Jos\u00e9 Ibrahim, Roque Aparecido, In\u00e1cio Gurgel, Stanislau Szermeta, deputado federal Ivan Valente e o irm\u00e3o de Zequinha, Olderico Campos Barreto, entre centenas de lideran\u00e7as progressistas. Na ocasi\u00e3o houve tamb\u00e9m apresenta\u00e7\u00f5es de m\u00fasica e poesia, no Sindicato dos Banc\u00e1rios, subsede de Osasco, local do evento.<\/p>\n<p>O nome dado ao do Instituto \u00e9 uma justa homenagem a Jos\u00e9 Campos Barreto, o Zequinha, l\u00edder oper\u00e1rio e estudantil de Osasco, que foi um dos organizadores da grande Greve de Osasco, em 1968, dos atos de protestos no 1\u00ba de Maio na Pra\u00e7a da S\u00e9, no mesmo ano, presidente do CEO \u2013 C\u00edrculo Estudantil de Osasco, nos anos 1960, e companheiro do lend\u00e1rio capit\u00e3o Carlos Lamarca, na resist\u00eancia \u00e0 ditadura, entre 1969 e 1971, quando ambos foram assassinados pela repress\u00e3o no sert\u00e3o da Bahia.<\/p>\n<figure id=\"attachment_241\" aria-describedby=\"caption-attachment-241\" style=\"width: 750px\" class=\"wp-caption aligncenter\"><img loading=\"lazy\" class=\"size-jnews-featured-750 wp-image-241\" src=\"http:\/\/www.zequinhabarreto.com.br\/wp-content\/uploads\/2020\/12\/01_IZB_Debate_Ricardo_Antunes-750x450.jpg\" alt=\"\" width=\"750\" height=\"450\" srcset=\"http:\/\/www.zequinhabarreto.com.br\/wp-content\/uploads\/2020\/12\/01_IZB_Debate_Ricardo_Antunes-750x450.jpg 750w, http:\/\/www.zequinhabarreto.com.br\/wp-content\/uploads\/2020\/12\/01_IZB_Debate_Ricardo_Antunes-300x180.jpg 300w, http:\/\/www.zequinhabarreto.com.br\/wp-content\/uploads\/2020\/12\/01_IZB_Debate_Ricardo_Antunes-1024x614.jpg 1024w, http:\/\/www.zequinhabarreto.com.br\/wp-content\/uploads\/2020\/12\/01_IZB_Debate_Ricardo_Antunes-768x461.jpg 768w, http:\/\/www.zequinhabarreto.com.br\/wp-content\/uploads\/2020\/12\/01_IZB_Debate_Ricardo_Antunes-1536x922.jpg 1536w, http:\/\/www.zequinhabarreto.com.br\/wp-content\/uploads\/2020\/12\/01_IZB_Debate_Ricardo_Antunes-2048x1229.jpg 2048w, http:\/\/www.zequinhabarreto.com.br\/wp-content\/uploads\/2020\/12\/01_IZB_Debate_Ricardo_Antunes-1140x684.jpg 1140w\" sizes=\"(max-width: 750px) 100vw, 750px\" \/><figcaption id=\"caption-attachment-241\" class=\"wp-caption-text\">Debate realizado com o professor Ricardo Antunes, da Unicamp, e o coordenador do IZB, Stan Szermeta.<\/figcaption><\/figure>\n<p>Como um espa\u00e7o voltado \u00e0 difus\u00e3o do pensamento socialista, o IZB n\u00e3o se furta em fazer de forma plural o<\/p>\n<p>debate sobre temas atuais e hist\u00f3ricos e que t\u00eam implica\u00e7\u00f5es diretas na vida dos trabalhadores e trabalhadoras. Aposta na forma\u00e7\u00e3o pol\u00edtica dos lutadores sociais por meio de cursos, palestras, debates e grupos de estudos. Incentiva o acesso ao conhecimento atrav\u00e9s da Biblioteca Popular Arc\u00eanio Rodrigues da Silva. E \u00e9 solid\u00e1rio a todas as lutas e todas as formas de resist\u00eancia \u00e0 opress\u00e3o, ao poder do capital, ao neoliberalismo, aqui e em qualquer parte do mundo.<\/p>\n<p>&nbsp;<\/p>\n<p>O IZB atua em parceria com o Sindicato dos Qu\u00edmicos Unificados de Osasco, Campinas e Vinhedo. Sua sede e a Biblioteca Popular funcionam na Sede deste Sindicato. Al\u00e9m desta parceria, o IZB desenvolve atividades conjuntas com outros Sindicatos, entidades, associa\u00e7\u00f5es e organiza\u00e7\u00f5es progressistas dos movimentos sociais.<\/p>\n<p>&nbsp;<\/p>\n","protected":false},"excerpt":{"rendered":"<p>O Instituto Socialismo e Democracia Jos\u00e9 Campos Barreto, ou IZB, \u00e9 um espa\u00e7o dedicado ao debate das ideias socialistas, \u00e0 forma\u00e7\u00e3o pol\u00edtica e \u00e0 preserva\u00e7\u00e3o da mem\u00f3ria da luta oper\u00e1ria e popular. Foi fundado em 14 de junho de 2003, em assembleia geral especialmente convocada, e seu lan\u00e7amento solene foi realizado em 19 de julho [&hellip;]<\/p>\n","protected":false},"author":1,"featured_media":241,"parent":0,"menu_order":0,"comment_status":"closed","ping_status":"closed","template":"","meta":[],"_links":{"self":[{"href":"http:\/\/www.zequinhabarreto.com.br\/index.php\/wp-json\/wp\/v2\/pages\/240"}],"collection":[{"href":"http:\/\/www.zequinhabarreto.com.br\/index.php\/wp-json\/wp\/v2\/pages"}],"about":[{"href":"http:\/\/www.zequinhabarreto.com.br\/index.php\/wp-json\/wp\/v2\/types\/page"}],"author":[{"embeddable":true,"href":"http:\/\/www.zequinhabarreto.com.br\/index.php\/wp-json\/wp\/v2\/users\/1"}],"replies":[{"embeddable":true,"href":"http:\/\/www.zequinhabarreto.com.br\/index.php\/wp-json\/wp\/v2\/comments?post=240"}],"version-history":[{"count":0,"href":"http:\/\/www.zequinhabarreto.com.br\/index.php\/wp-json\/wp\/v2\/pages\/240\/revisions"}],"wp:featuredmedia":[{"embeddable":true,"href":"http:\/\/www.zequinhabarreto.com.br\/index.php\/wp-json\/wp\/v2\/media\/241"}],"wp:attachment":[{"href":"http:\/\/www.zequinhabarreto.com.br\/index.php\/wp-json\/wp\/v2\/media?parent=240"}],"curies":[{"name":"wp","href":"https:\/\/api.w.org\/{rel}","templated":true}]}}